{"id":2101,"date":"2022-03-16T09:23:47","date_gmt":"2022-03-16T09:23:47","guid":{"rendered":"https:\/\/newenergy.is\/?page_id=2101"},"modified":"2022-04-06T19:52:50","modified_gmt":"2022-04-06T19:52:50","slug":"hafid-ondvegissetur-um-sjalfbaera-nytingu-og-verndun-hafsins","status":"publish","type":"page","link":"https:\/\/newenergy.is\/en\/hafid-ondvegissetur-um-sjalfbaera-nytingu-og-verndun-hafsins\/","title":{"rendered":"Hafi\u00f0 \u00d6ndvegissetur um sj\u00e1lfb\u00e6ra n\u00fdtingu og verndun hafsins"},"content":{"rendered":"[vc_row type=&#8221;in_container&#8221; full_screen_row_position=&#8221;middle&#8221; column_margin=&#8221;default&#8221; column_direction=&#8221;default&#8221; column_direction_tablet=&#8221;default&#8221; column_direction_phone=&#8221;default&#8221; scene_position=&#8221;center&#8221; text_color=&#8221;dark&#8221; text_align=&#8221;left&#8221; row_border_radius=&#8221;none&#8221; row_border_radius_applies=&#8221;bg&#8221; overflow=&#8221;visible&#8221; overlay_strength=&#8221;0.3&#8243; gradient_direction=&#8221;left_to_right&#8221; shape_divider_position=&#8221;bottom&#8221; bg_image_animation=&#8221;none&#8221;][vc_column column_padding=&#8221;no-extra-padding&#8221; column_padding_tablet=&#8221;inherit&#8221; column_padding_phone=&#8221;inherit&#8221; column_padding_position=&#8221;all&#8221; column_element_spacing=&#8221;default&#8221; background_color_opacity=&#8221;1&#8243; background_hover_color_opacity=&#8221;1&#8243; column_shadow=&#8221;none&#8221; column_border_radius=&#8221;none&#8221; column_link_target=&#8221;_self&#8221; column_position=&#8221;default&#8221; gradient_direction=&#8221;left_to_right&#8221; overlay_strength=&#8221;0.3&#8243; width=&#8221;1\/1&#8243; tablet_width_inherit=&#8221;default&#8221; tablet_text_alignment=&#8221;default&#8221; phone_text_alignment=&#8221;default&#8221; animation_type=&#8221;default&#8221; bg_image_animation=&#8221;none&#8221; border_type=&#8221;simple&#8221; column_border_width=&#8221;none&#8221; column_border_style=&#8221;solid&#8221;][image_with_animation image_url=&#8221;2102&#8243; image_size=&#8221;full&#8221; animation_type=&#8221;entrance&#8221; animation=&#8221;Fade In&#8221; hover_animation=&#8221;none&#8221; alignment=&#8221;center&#8221; border_radius=&#8221;none&#8221; box_shadow=&#8221;none&#8221; image_loading=&#8221;default&#8221; max_width=&#8221;100%&#8221; max_width_mobile=&#8221;default&#8221;][heading]\n<h2>Hafi\u00f0 \u00d6ndvegissetur um sj\u00e1lfb\u00e6ra n\u00fdtingu og verndun hafsins<\/h2>\n[\/heading][vc_column_text]Hafi\u00f0 \u00d6ndvegissetur starfa\u00f0i \u00e1 \u00e1runum 2014-2021 a\u00f0 margv\u00edslegum verkefnum sem tengdust verndunarsj\u00f3narmi\u00f0um og sj\u00e1lfb\u00e6rri umgengni um hafi\u00f0. Starfsemi Hafsins \u00e1tti r\u00e6tur a\u00f0 rekja til samstarfs fyrirt\u00e6kja sem vilja \u00fer\u00f3a og n\u00fdta gr\u00e6na t\u00e6kni, til verndar hafinu. Markmi\u00f0 f\u00e9lagsins var a\u00f0 skapa samstarfsgrundv\u00f6ll fyrir fyrirt\u00e6ki, opinbera a\u00f0ila og ranns\u00f3knarstofnanir til \u00fer\u00f3unar \u00e1 t\u00e6kni, l\u00f6ggj\u00f6f og hverju \u00fev\u00ed sem stu\u00f0lar a\u00f0 verndun og sj\u00e1lfb\u00e6rri umgengni um hafi\u00f0.<\/p>\n<p>Undir tryggri forystu framkv\u00e6mdastj\u00f3rans, Sigr\u00ed\u00f0ar R\u00f6gnu Sverrisd\u00f3ttur og s\u00fdn sex manna stj\u00f3rnar, vann Hafi\u00f0 \u00d6ndvegissetur \u00f6tullega a\u00f0 \u00fdmsum verkefnum sem tengdust orkuskiptum, mengunareftirliti \u00e1 sj\u00f3, stafr\u00e6num lausnum, rafv\u00e6\u00f0ingu fiskimj\u00f6lsverksmi\u00f0ja og svo m\u00e6tti lengi telja.<\/p>\n<p><em><a href=\"https:\/\/graenaorkan.is\/wp-content\/uploads\/2019\/06\/HafidOndvegisseturVegvisir2019_net.pdf\" target=\"_blank\" rel=\"noreferrer noopener\">Vegv\u00edsir Hafsins<\/a>\u00a0um vistv\u00e6nan sj\u00e1var\u00fatveg og haftengda starfsemi \u00e1 \u00cdslandi<\/em>\u00a0kom til a\u00f0 mynda \u00fat sumari\u00f0 2019 en hann var afrakstur samstarfs og ekki s\u00ed\u00f0ur samtals vi\u00f0 fj\u00f6lmarga a\u00f0ila er koma a\u00f0 haftengdri starfsemi, b\u00e6\u00f0i \u00e1 sj\u00f3 og landi, \u00far atvinnul\u00edfinu sem og fr\u00e1 hinu opinbera.<\/p>\n<p>\u00c1 a\u00f0alfundi 2021 var tillaga sam\u00feykkt um slit f\u00e9lagsins. Stj\u00f3rn taldi \u00f3tal margt hafa \u00f3unnist \u00ed starfsemi Hafsins en t\u00edmi annarra framb\u00e6rilegra a\u00f0ila \u00e1 vettvangi gr\u00e6nna og sj\u00e1lfb\u00e6rra lausna v\u00e6ri runninn upp. Vi\u00f0 stofnun hafsins \u00e1ri\u00f0 2014 var sta\u00f0an \u00ed umhverfis- og loftlagsm\u00e1lum allt \u00f6nnur en n\u00fa, umr\u00e6\u00f0a \u00ed samf\u00e9laginu miklu minni og meira \u00feurfti til a\u00f0 koma \u00feessum m\u00e1laflokkum \u00e1 dagskr\u00e1. \u00c1kve\u00f0i\u00f0 var a\u00f0 sty\u00f0ja vi\u00f0 Hafi\u00f0 me\u00f0 hluta fj\u00e1rveitingar fr\u00e1 Umhverfis- og au\u00f0lindar\u00e1\u00f0uneytinu til loftlagsm\u00e1la og var \u00fea\u00f0 upphafi\u00f0 a\u00f0 fars\u00e6lu samstarfi. Hafi\u00f0 \u00d6ndvegissetur hefur skapa\u00f0 margs kyns afur\u00f0ir, sem allar hafa borist me\u00f0 skilum, en ekki s\u00ed\u00f0ur hefur \u00fea\u00f0 sta\u00f0i\u00f0 fyrir samtali og samskiptum fj\u00f6lbreyttra a\u00f0ila \u00ed haftengdri starfsemi, sem hefur \u00e1tt r\u00edkan \u00fe\u00e1tt \u00ed mikilv\u00e6gum framf\u00f6rum. N\u00fa er sta\u00f0an \u00e1 \u00feessum svi\u00f0um af \u00f6\u00f0rum toga, v\u00ed\u00f0t\u00e6k umr\u00e6\u00f0a \u00e1 s\u00e9r sta\u00f0 um \u00fe\u00e1 \u00fe\u00e6tti sem Hafi\u00f0 \u00d6ndvegissetur hefur beitt s\u00e9r fyrir og margir \u00feeirra eru komnir \u00ed m\u00f3ta\u00f0an farveg.<\/p>\n<p>Tekin hefur veri\u00f0 saman saga Hafsins \u00d6ndvegisseturs, sem reifar hin \u00fdmsu verkefni og \u00e1vinning sem hlaust af starfi Hafsins og samstarfi vi\u00f0 hagsmunaa\u00f0ila. Hana m\u00e1 skyggnast \u00ed h\u00e9r fyrir ne\u00f0an e\u00f0a hla\u00f0a ni\u00f0ur. Hafi\u00f0 hefur skila\u00f0 g\u00f3\u00f0u verki og ber \u00f6llum sem a\u00f0 starfi \u00feess hafa komi\u00f0, beint og \u00f3beint, bestu \u00feakkir fyrir samstarfi\u00f0.[\/vc_column_text][\/vc_column][\/vc_row][vc_row type=&#8221;in_container&#8221; full_screen_row_position=&#8221;middle&#8221; column_margin=&#8221;default&#8221; column_direction=&#8221;default&#8221; column_direction_tablet=&#8221;default&#8221; column_direction_phone=&#8221;default&#8221; scene_position=&#8221;center&#8221; text_color=&#8221;dark&#8221; text_align=&#8221;left&#8221; row_border_radius=&#8221;none&#8221; row_border_radius_applies=&#8221;bg&#8221; overflow=&#8221;visible&#8221; overlay_strength=&#8221;0.3&#8243; gradient_direction=&#8221;left_to_right&#8221; shape_divider_position=&#8221;bottom&#8221; bg_image_animation=&#8221;none&#8221;][vc_column column_padding=&#8221;no-extra-padding&#8221; column_padding_tablet=&#8221;inherit&#8221; column_padding_phone=&#8221;inherit&#8221; column_padding_position=&#8221;all&#8221; column_element_spacing=&#8221;default&#8221; background_color_opacity=&#8221;1&#8243; background_hover_color_opacity=&#8221;1&#8243; column_shadow=&#8221;none&#8221; column_border_radius=&#8221;none&#8221; column_link_target=&#8221;_self&#8221; column_position=&#8221;default&#8221; gradient_direction=&#8221;left_to_right&#8221; overlay_strength=&#8221;0.3&#8243; width=&#8221;1\/1&#8243; tablet_width_inherit=&#8221;default&#8221; tablet_text_alignment=&#8221;default&#8221; phone_text_alignment=&#8221;default&#8221; animation_type=&#8221;default&#8221; bg_image_animation=&#8221;none&#8221; border_type=&#8221;simple&#8221; column_border_width=&#8221;none&#8221; column_border_style=&#8221;solid&#8221;][vc_column_text]<a href=\"https:\/\/newenergy.is\/wp-content\/uploads\/2022\/03\/HafidSagan_12112022.pdf\">Hafi\u00f0 \u00d6ndvegissetur &#8211; Fars\u00e6l saga f\u00e9lagsins fr\u00e1 stofnun<\/a>[\/vc_column_text][\/vc_column][\/vc_row]\n","protected":false},"excerpt":{"rendered":"<p>[vc_row type=&#8221;in_container&#8221; full_screen_row_position=&#8221;middle&#8221; column_margin=&#8221;default&#8221; column_direction=&#8221;default&#8221; column_direction_tablet=&#8221;default&#8221; column_direction_phone=&#8221;default&#8221; scene_position=&#8221;center&#8221; text_color=&#8221;dark&#8221; text_align=&#8221;left&#8221; row_border_radius=&#8221;none&#8221; row_border_radius_applies=&#8221;bg&#8221; overflow=&#8221;visible&#8221; overlay_strength=&#8221;0.3&#8243; gradient_direction=&#8221;left_to_right&#8221; shape_divider_position=&#8221;bottom&#8221; bg_image_animation=&#8221;none&#8221;][vc_column column_padding=&#8221;no-extra-padding&#8221; column_padding_tablet=&#8221;inherit&#8221; column_padding_phone=&#8221;inherit&#8221; column_padding_position=&#8221;all&#8221; column_element_spacing=&#8221;default&#8221; background_color_opacity=&#8221;1&#8243; background_hover_color_opacity=&#8221;1&#8243; column_shadow=&#8221;none&#8221; column_border_radius=&#8221;none&#8221; column_link_target=&#8221;_self&#8221; column_position=&#8221;default&#8221; gradient_direction=&#8221;left_to_right&#8221; overlay_strength=&#8221;0.3&#8243;&#8230;<\/p>\n","protected":false},"author":5,"featured_media":0,"parent":0,"menu_order":0,"comment_status":"closed","ping_status":"closed","template":"","meta":{"om_disable_all_campaigns":false,"inline_featured_image":false,"_monsterinsights_skip_tracking":false,"_monsterinsights_sitenote_active":false,"_monsterinsights_sitenote_note":"","_monsterinsights_sitenote_category":0,"_uf_show_specific_survey":0,"_uf_disable_surveys":false,"footnotes":""},"class_list":["post-2101","page","type-page","status-publish"],"aioseo_notices":[],"_links":{"self":[{"href":"https:\/\/newenergy.is\/en\/wp-json\/wp\/v2\/pages\/2101","targetHints":{"allow":["GET"]}}],"collection":[{"href":"https:\/\/newenergy.is\/en\/wp-json\/wp\/v2\/pages"}],"about":[{"href":"https:\/\/newenergy.is\/en\/wp-json\/wp\/v2\/types\/page"}],"author":[{"embeddable":true,"href":"https:\/\/newenergy.is\/en\/wp-json\/wp\/v2\/users\/5"}],"replies":[{"embeddable":true,"href":"https:\/\/newenergy.is\/en\/wp-json\/wp\/v2\/comments?post=2101"}],"version-history":[{"count":6,"href":"https:\/\/newenergy.is\/en\/wp-json\/wp\/v2\/pages\/2101\/revisions"}],"predecessor-version":[{"id":2219,"href":"https:\/\/newenergy.is\/en\/wp-json\/wp\/v2\/pages\/2101\/revisions\/2219"}],"wp:attachment":[{"href":"https:\/\/newenergy.is\/en\/wp-json\/wp\/v2\/media?parent=2101"}],"curies":[{"name":"wp","href":"https:\/\/api.w.org\/{rel}","templated":true}]}}