{"id":2116,"date":"2022-03-16T09:51:49","date_gmt":"2022-03-16T09:51:49","guid":{"rendered":"https:\/\/newenergy.is\/?page_id=2116"},"modified":"2022-03-16T09:51:49","modified_gmt":"2022-03-16T09:51:49","slug":"thjonusta-2","status":"publish","type":"page","link":"https:\/\/newenergy.is\/en\/thjonusta-2\/","title":{"rendered":"\u00dej\u00f3nusta"},"content":{"rendered":"<p>\u00cdslensk N\u00fdOrka sinnir verkefnisstj\u00f3rnun, ranns\u00f3knum, kynningum og \u00a0sk\u00fdrsluvinnu \u00ed samvinnu vi\u00f0 fj\u00f6lm\u00f6rg fyrirt\u00e6ki og stofnanir, innanlads sem utan. M\u00f6rg \u00feessara verekfna eru styrkt af Evr\u00f3pusambandinu og \u00feess vegna eru ni\u00f0urst\u00f6\u00f0urnar jafnan settar fram \u00e1 ensku. Fyrirt\u00e6ki\u00f0 hefur jafnframt sterk samb\u00f6nd vi\u00f0 bifrei\u00f0aframlei\u00f0endur \u00ed As\u00edu, Amer\u00edku og Evr\u00f3pu, framlei\u00f0endur efnarafala og t\u00e6knikerfa sem n\u00fdta vetni. \u00cdslensk N\u00fdOrka getur einnig veitt uppl\u00fdsingar og r\u00e1\u00f0gj\u00f6f um val \u00e1 b\u00fana\u00f0i, \u00fer\u00f3un t\u00e6kninnar og notkun hennar \u00ed \u00fdmsum a\u00f0st\u00e6\u00f0um.<\/p>\n<p>Vi\u00f0 bj\u00f3\u00f0um upp \u00e1 fyrirlestra fyrir h\u00f3pa \u2013 endilega hafi\u00f0 samband!<\/p>\n","protected":false},"excerpt":{"rendered":"<p>\u00cdslensk N\u00fdOrka sinnir verkefnisstj\u00f3rnun, ranns\u00f3knum, kynningum og \u00a0sk\u00fdrsluvinnu \u00ed samvinnu vi\u00f0 fj\u00f6lm\u00f6rg fyrirt\u00e6ki og stofnanir, innanlads sem utan. M\u00f6rg \u00feessara verekfna eru styrkt af Evr\u00f3pusambandinu og \u00feess vegna eru ni\u00f0urst\u00f6\u00f0urnar&#8230;<\/p>\n","protected":false},"author":5,"featured_media":0,"parent":0,"menu_order":0,"comment_status":"closed","ping_status":"closed","template":"","meta":{"om_disable_all_campaigns":false,"inline_featured_image":false,"_monsterinsights_skip_tracking":false,"_monsterinsights_sitenote_active":false,"_monsterinsights_sitenote_note":"","_monsterinsights_sitenote_category":0,"_uf_show_specific_survey":0,"_uf_disable_surveys":false,"footnotes":""},"class_list":["post-2116","page","type-page","status-publish"],"aioseo_notices":[],"_links":{"self":[{"href":"https:\/\/newenergy.is\/en\/wp-json\/wp\/v2\/pages\/2116","targetHints":{"allow":["GET"]}}],"collection":[{"href":"https:\/\/newenergy.is\/en\/wp-json\/wp\/v2\/pages"}],"about":[{"href":"https:\/\/newenergy.is\/en\/wp-json\/wp\/v2\/types\/page"}],"author":[{"embeddable":true,"href":"https:\/\/newenergy.is\/en\/wp-json\/wp\/v2\/users\/5"}],"replies":[{"embeddable":true,"href":"https:\/\/newenergy.is\/en\/wp-json\/wp\/v2\/comments?post=2116"}],"version-history":[{"count":1,"href":"https:\/\/newenergy.is\/en\/wp-json\/wp\/v2\/pages\/2116\/revisions"}],"predecessor-version":[{"id":2119,"href":"https:\/\/newenergy.is\/en\/wp-json\/wp\/v2\/pages\/2116\/revisions\/2119"}],"wp:attachment":[{"href":"https:\/\/newenergy.is\/en\/wp-json\/wp\/v2\/media?parent=2116"}],"curies":[{"name":"wp","href":"https:\/\/api.w.org\/{rel}","templated":true}]}}