{"id":643,"date":"2018-11-13T13:00:49","date_gmt":"2018-11-13T13:00:49","guid":{"rendered":"https:\/\/newenergy.is\/?page_id=643"},"modified":"2021-02-02T13:31:14","modified_gmt":"2021-02-02T13:31:14","slug":"shareholders","status":"publish","type":"page","link":"https:\/\/newenergy.is\/en\/about-ine\/shareholders\/","title":{"rendered":"Shareholders"},"content":{"rendered":"[av_section min_height=&#8217;25&#8217; min_height_px=&#8217;500px&#8217; padding=&#8217;large&#8217; shadow=&#8217;no-shadow&#8217; bottom_border=&#8217;no-border-styling&#8217; bottom_border_diagonal_color=&#8217;#333333&#8242; bottom_border_diagonal_direction=&#8221; bottom_border_style=&#8221; custom_arrow_bg=&#8221; id=&#8221; color=&#8217;main_color&#8217; background=&#8217;bg_color&#8217; custom_bg=&#8221; background_gradient_color1=&#8221; background_gradient_color2=&#8221; background_gradient_direction=&#8217;vertical&#8217; src=&#8217;https:\/\/newenergy.is\/wp-content\/uploads\/2018\/08\/Vetnisopnun-Sahara-71-minni.jpg&#8217; attachment=&#8217;542&#8242; attachment_size=&#8217;full&#8217; attach=&#8217;scroll&#8217; position=&#8217;center center&#8217; repeat=&#8217;stretch&#8217; video=&#8221; video_ratio=&#8217;16:9&#8242; overlay_enable=&#8217;aviaTBoverlay_enable&#8217; overlay_opacity=&#8217;0.4&#8242; overlay_color=&#8217;#000000&#8242; overlay_pattern=&#8221; overlay_custom_pattern=&#8221; av_element_hidden_in_editor=&#8217;0&#8242; av_uid=&#8217;av-dntjw&#8217;]\n[av_heading heading=&#8217;Shareholders&#8217; tag=&#8217;h1&#8242; style=&#8217;blockquote modern-quote modern-centered&#8217; size=&#8217;50&#8217; subheading_active=&#8217;subheading_below&#8217; subheading_size=&#8217;15&#8217; margin=&#8221; margin_sync=&#8217;true&#8217; padding=&#8217;0&#8242; color=&#8217;custom-color-heading&#8217; custom_font=&#8217;#ffffff&#8217; av-medium-font-size-title=&#8221; av-small-font-size-title=&#8221; av-mini-font-size-title=&#8221; av-medium-font-size=&#8221; av-small-font-size=&#8221; av-mini-font-size=&#8221; av_uid=&#8217;av-jofquvj2&#8242; admin_preview_bg=&#8221;][\/av_heading]\n[av_hr class=&#8217;short&#8217; height=&#8217;50&#8217; shadow=&#8217;no-shadow&#8217; position=&#8217;center&#8217; custom_border=&#8217;av-border-thin&#8217; custom_width=&#8217;50px&#8217; custom_border_color=&#8221; custom_margin_top=&#8217;30px&#8217; custom_margin_bottom=&#8217;30px&#8217; icon_select=&#8217;yes&#8217; custom_icon_color=&#8221; icon=&#8217;ue808&#8242; font=&#8217;entypo-fontello&#8217; av_uid=&#8217;av-jle1en1k&#8217; admin_preview_bg=&#8221;]\n[\/av_section][av_one_full first min_height=&#8221; vertical_alignment=&#8217;av-align-top&#8217; space=&#8221; margin=&#8217;0px&#8217; margin_sync=&#8217;true&#8217; link=&#8221; linktarget=&#8221; link_hover=&#8221; padding=&#8217;0px,60px,0px,60px&#8217; border=&#8221; border_color=&#8221; radius=&#8217;0px&#8217; radius_sync=&#8217;true&#8217; background=&#8217;bg_color&#8217; background_color=&#8221; background_gradient_color1=&#8221; background_gradient_color2=&#8221; background_gradient_direction=&#8217;vertical&#8217; src=&#8221; attachment=&#8221; attachment_size=&#8221; background_position=&#8217;top left&#8217; background_repeat=&#8217;no-repeat&#8217; animation=&#8221; mobile_breaking=&#8221; mobile_display=&#8221; av_uid=&#8217;av-jle1cy7q&#8217;]\n[av_textblock size=&#8221; font_color=&#8221; color=&#8221; av-medium-font-size=&#8221; av-small-font-size=&#8221; av-mini-font-size=&#8221; av_uid=&#8217;av-3522&#8242; admin_preview_bg=&#8221;]\nThe shareholder group combines all the key players aiming to see a new energy paradigm for transport in the future.<\/p>\n<p>The shareholders are:<\/p>\n<p><a href=\"http:\/\/www.idnadarraduneyti.is\/\">Government of Iceland (represented by the Ministry of Industry and Innovation)<\/a><\/p>\n<p><a href=\"https:\/\/www.or.is\/en\/\">Reykjavik Energy<\/a><\/p>\n<p><a href=\"http:\/\/www.landsvirkjun.com\/\">National Power Company<\/a><\/p>\n<p><a href=\"https:\/\/www.hsorka.is\/en\/\">HS Orka<\/a><\/p>\n<p><a href=\"http:\/\/sjodir.hi.is\/home\">H\u00e1sk\u00f3lasj\u00f3\u00f0ur (University of Iceland)<\/a><\/p>\n<p><a href=\"http:\/\/www.nmi.is\/english\">Innovation Center Iceland<\/a><\/p>\n<p>Aflvaki<\/p>\n<p>Sterkir Stofnar<br \/>\n[\/av_textblock]\n[\/av_one_full]\n","protected":false},"excerpt":{"rendered":"<p>[av_section min_height=&#8217;25&#8217; min_height_px=&#8217;500px&#8217; padding=&#8217;large&#8217; shadow=&#8217;no-shadow&#8217; bottom_border=&#8217;no-border-styling&#8217; bottom_border_diagonal_color=&#8217;#333333&#8242; bottom_border_diagonal_direction=&#8221; bottom_border_style=&#8221; custom_arrow_bg=&#8221; id=&#8221; color=&#8217;main_color&#8217; background=&#8217;bg_color&#8217; custom_bg=&#8221; background_gradient_color1=&#8221; background_gradient_color2=&#8221; background_gradient_direction=&#8217;vertical&#8217; src=&#8217;https:\/\/newenergy.is\/wp-content\/uploads\/2018\/08\/Vetnisopnun-Sahara-71-minni.jpg&#8217; attachment=&#8217;542&#8242; attachment_size=&#8217;full&#8217; attach=&#8217;scroll&#8217; position=&#8217;center center&#8217; repeat=&#8217;stretch&#8217; video=&#8221; video_ratio=&#8217;16:9&#8242; overlay_enable=&#8217;aviaTBoverlay_enable&#8217; overlay_opacity=&#8217;0.4&#8242; overlay_color=&#8217;#000000&#8242; overlay_pattern=&#8221;&#8230;<\/p>\n","protected":false},"author":1,"featured_media":0,"parent":639,"menu_order":0,"comment_status":"closed","ping_status":"closed","template":"","meta":{"om_disable_all_campaigns":false,"inline_featured_image":false,"_monsterinsights_skip_tracking":false,"_monsterinsights_sitenote_active":false,"_monsterinsights_sitenote_note":"","_monsterinsights_sitenote_category":0,"_uf_show_specific_survey":0,"_uf_disable_surveys":false,"footnotes":""},"class_list":["post-643","page","type-page","status-publish"],"aioseo_notices":[],"_links":{"self":[{"href":"https:\/\/newenergy.is\/en\/wp-json\/wp\/v2\/pages\/643","targetHints":{"allow":["GET"]}}],"collection":[{"href":"https:\/\/newenergy.is\/en\/wp-json\/wp\/v2\/pages"}],"about":[{"href":"https:\/\/newenergy.is\/en\/wp-json\/wp\/v2\/types\/page"}],"author":[{"embeddable":true,"href":"https:\/\/newenergy.is\/en\/wp-json\/wp\/v2\/users\/1"}],"replies":[{"embeddable":true,"href":"https:\/\/newenergy.is\/en\/wp-json\/wp\/v2\/comments?post=643"}],"version-history":[{"count":3,"href":"https:\/\/newenergy.is\/en\/wp-json\/wp\/v2\/pages\/643\/revisions"}],"predecessor-version":[{"id":1812,"href":"https:\/\/newenergy.is\/en\/wp-json\/wp\/v2\/pages\/643\/revisions\/1812"}],"up":[{"embeddable":true,"href":"https:\/\/newenergy.is\/en\/wp-json\/wp\/v2\/pages\/639"}],"wp:attachment":[{"href":"https:\/\/newenergy.is\/en\/wp-json\/wp\/v2\/media?parent=643"}],"curies":[{"name":"wp","href":"https:\/\/api.w.org\/{rel}","templated":true}]}}