{"id":671,"date":"2024-09-24T11:34:20","date_gmt":"2024-09-24T11:34:20","guid":{"rendered":"https:\/\/newenergy.is\/?page_id=671"},"modified":"2024-09-24T11:34:30","modified_gmt":"2024-09-24T11:34:30","slug":"671-2","status":"publish","type":"page","link":"https:\/\/newenergy.is\/en\/671-2\/","title":{"rendered":""},"content":{"rendered":"[vc_row type=&#8221;in_container&#8221; full_screen_row_position=&#8221;middle&#8221; column_margin=&#8221;default&#8221; column_direction=&#8221;default&#8221; column_direction_tablet=&#8221;default&#8221; column_direction_phone=&#8221;default&#8221; scene_position=&#8221;center&#8221; text_color=&#8221;dark&#8221; text_align=&#8221;left&#8221; row_border_radius=&#8221;none&#8221; row_border_radius_applies=&#8221;bg&#8221; overflow=&#8221;visible&#8221; overlay_strength=&#8221;0.3&#8243; gradient_direction=&#8221;left_to_right&#8221; shape_divider_position=&#8221;bottom&#8221; bg_image_animation=&#8221;none&#8221;][vc_column column_padding=&#8221;no-extra-padding&#8221; column_padding_tablet=&#8221;inherit&#8221; column_padding_phone=&#8221;inherit&#8221; column_padding_position=&#8221;all&#8221; column_element_direction_desktop=&#8221;default&#8221; column_element_spacing=&#8221;default&#8221; desktop_text_alignment=&#8221;default&#8221; tablet_text_alignment=&#8221;default&#8221; phone_text_alignment=&#8221;default&#8221; background_color_opacity=&#8221;1&#8243; background_hover_color_opacity=&#8221;1&#8243; column_backdrop_filter=&#8221;none&#8221; column_shadow=&#8221;none&#8221; column_border_radius=&#8221;none&#8221; column_link_target=&#8221;_self&#8221; column_position=&#8221;default&#8221; gradient_direction=&#8221;left_to_right&#8221; overlay_strength=&#8221;0.3&#8243; width=&#8221;1\/1&#8243; tablet_width_inherit=&#8221;default&#8221; animation_type=&#8221;default&#8221; bg_image_animation=&#8221;none&#8221; border_type=&#8221;simple&#8221; column_border_width=&#8221;none&#8221; column_border_style=&#8221;solid&#8221;][vc_column_text css=&#8221;&#8221; text_direction=&#8221;default&#8221;][av_section min_height=&#8221; min_height_px=&#8217;500px&#8217; padding=&#8217;large&#8217; shadow=&#8217;no-shadow&#8217; bottom_border=&#8217;no-border-styling&#8217; bottom_border_diagonal_color=&#8217;#333333&#8242; bottom_border_diagonal_direction=&#8221; bottom_border_style=&#8221; custom_arrow_bg=&#8221; id=&#8221; color=&#8217;main_color&#8217; background=&#8217;bg_color&#8217; custom_bg=&#8221; background_gradient_color1=&#8221; background_gradient_color2=&#8221; background_gradient_direction=&#8217;vertical&#8217; src=&#8217;https:\/\/newenergy.is\/wp-content\/uploads\/2018\/08\/Vetnisopnun-Sahara-71.jpg&#8217; attachment=&#8217;465&#8242; attachment_size=&#8217;full&#8217; attach=&#8217;fixed&#8217; position=&#8217;center center&#8217; repeat=&#8217;stretch&#8217; video=&#8221; video_ratio=&#8217;16:9&#8242; overlay_enable=&#8217;aviaTBoverlay_enable&#8217; overlay_opacity=&#8217;0.4&#8242; overlay_color=&#8217;#000000&#8242; overlay_pattern=&#8221; overlay_custom_pattern=&#8221; av_element_hidden_in_editor=&#8217;0&#8242; av_uid=&#8217;av-dntjw&#8217;]\n[av_heading heading=&#8217;Fyrirlestrar&#8217; tag=&#8217;h3&#8242; style=&#8217;blockquote modern-quote modern-centered&#8217; size=&#8217;50&#8217; subheading_active=&#8217;subheading_below&#8217; subheading_size=&#8217;15&#8217; margin=&#8221; margin_sync=&#8217;true&#8217; padding=&#8217;0&#8242; color=&#8217;custom-color-heading&#8217; custom_font=&#8217;#ffffff&#8217; av-medium-font-size-title=&#8221; av-small-font-size-title=&#8221; av-mini-font-size-title=&#8221; av-medium-font-size=&#8221; av-small-font-size=&#8221; av-mini-font-size=&#8221; av_uid=&#8217;av-jlgi9tm4&#8242; admin_preview_bg=&#8221;][\/av_heading]\n[\/av_section]\n[av_section min_height=&#8221; min_height_px=&#8217;500px&#8217; padding=&#8217;small&#8217; shadow=&#8217;no-border-styling&#8217; bottom_border=&#8217;no-border-styling&#8217; id=&#8221; color=&#8217;main_color&#8217; custom_bg=&#8221; src=&#8221; attachment=&#8221; attachment_size=&#8221; attach=&#8217;fixed&#8217; position=&#8217;bottom center&#8217; repeat=&#8217;stretch&#8217; video=&#8221; video_ratio=&#8217;16:9&#8242; overlay_opacity=&#8217;0.3&#8242; overlay_color=&#8217;#000000&#8242; overlay_pattern=&#8221; overlay_custom_pattern=&#8221; av_uid=&#8217;av-bjbxc&#8217;]\n[av_two_fifth first min_height=&#8221; vertical_alignment=&#8221; space=&#8221; custom_margin=&#8221; margin=&#8217;0px&#8217; link=&#8221; linktarget=&#8221; link_hover=&#8221; padding=&#8217;0px&#8217; border=&#8221; border_color=&#8221; radius=&#8217;0px&#8217; background=&#8217;bg_color&#8217; background_color=&#8221; background_gradient_color1=&#8221; background_gradient_color2=&#8221; background_gradient_direction=&#8217;vertical&#8217; src=&#8221; background_position=&#8217;top left&#8217; background_repeat=&#8217;no-repeat&#8217; animation=&#8221; mobile_breaking=&#8221; mobile_display=&#8221; av_uid=&#8217;av-gy2l2&#8242;]\n[av_image src=&#8217;https:\/\/newenergy.is\/wp-content\/uploads\/2018\/08\/glkfyrirlestur2012.jpg&#8217; attachment=&#8217;569&#8242; attachment_size=&#8217;full&#8217; align=&#8217;center&#8217; styling=&#8221; hover=&#8221; link=&#8221; target=&#8221; caption=&#8221; font_size=&#8221; appearance=&#8221; overlay_opacity=&#8217;0.4&#8242; overlay_color=&#8217;#000000&#8242; overlay_text_color=&#8217;#ffffff&#8217; copyright=&#8221; animation=&#8217;no-animation&#8217; av_uid=&#8217;av-jl860ubj&#8217; admin_preview_bg=&#8221;][\/av_image]\n[\/av_two_fifth][av_three_fifth min_height=&#8221; vertical_alignment=&#8221; space=&#8221; custom_margin=&#8221; margin=&#8217;0px&#8217; link=&#8221; linktarget=&#8221; link_hover=&#8221; padding=&#8217;0px&#8217; border=&#8221; border_color=&#8221; radius=&#8217;0px&#8217; background=&#8217;bg_color&#8217; background_color=&#8221; background_gradient_color1=&#8221; background_gradient_color2=&#8221; background_gradient_direction=&#8217;vertical&#8217; src=&#8221; background_position=&#8217;top left&#8217; background_repeat=&#8217;no-repeat&#8217; animation=&#8221; mobile_breaking=&#8221; mobile_display=&#8221; av_uid=&#8217;av-912jy&#8217;]\n[av_textblock size=&#8221; font_color=&#8221; color=&#8221; av-medium-font-size=&#8221; av-small-font-size=&#8221; av-mini-font-size=&#8221; av_uid=&#8217;av-jl8611pi&#8217; admin_preview_bg=&#8221;]\n\u00cdslensk N\u00fdOrka hefur bo\u00f0i\u00f0 gestum fyrirlestra um vetni, n\u00fdt\u00e6knib\u00edla, samg\u00f6ngustefnu fyrirt\u00e6kja og\u00a0helstu ranns\u00f3knarverkefni fyrirt\u00e6kisins. Fyrirlestrunum fylgja umr\u00e6\u00f0ustundir \u00fear sem fyrirspurnum er svara\u00f0 og reynt er a\u00f0 svala forvitni gesta. H\u00f3par s\u00e9rfr\u00e6\u00f0inga jafnt og framhaldssk\u00f3lanema, kennara og eldri borgara hafa hl\u00fdtt \u00e1 kynningar okkar. Jafnframt hefur veri\u00f0 teki\u00f0 \u00e1 m\u00f3ti sk\u00f3lah\u00f3pum til a\u00f0 s\u00fdna vetnist\u00e6knina og r\u00e6\u00f0a vi\u00f0 starfsf\u00f3lk \u00e1 vi\u00f0haldsverkst\u00e6\u00f0um. Str\u00e6tisv\u00f6gnunum var lagt \u00e1ri\u00f0 2007 en \u00ed umfer\u00f0 eru vetnisb\u00edlar og fr\u00e1 \u00e1rinu 2010 hefur fyrirt\u00e6ki\u00f0 haft tvo rafgeymnab\u00edla til reynsluaksturs. \u00deeir eru \u00fev\u00ed allir \u00ed umfer\u00f0 og ekki til s\u00fdnis hj\u00e1 okkur. A\u00f0\u00a0jafna\u00f0i\u00a0eru fleiri erlendir gestir en \u00cdslendingar sem leita eftir kynningu \u00e1 verkefnum N\u00fdOrku. Vi\u00f0 t\u00f6kum \u00e1 m\u00f3ti erlendum h\u00f3pum af orkus\u00e9rfr\u00e6\u00f0ingum jafnt og st\u00fadentum e\u00f0a framhaldssk\u00f3lah\u00f3pum sem grei\u00f0a fyrir \u00fej\u00f3nustuna.\u00a0Fyrirlestrar eru\u00a0dagsettir me\u00f0\u00a0g\u00f3\u00f0um fyrirvara og eru a\u00f0 jafna\u00f0i haldnir \u00ed Orkugar\u00f0i (Grens\u00e1svegi 9) \u00fear sem\u00a0fulltr\u00faar\u00a0N\u00fdOrku s\u00fdna me\u00f0 fj\u00f6lskr\u00fa\u00f0ugum myndum efni fr\u00e1 li\u00f0num \u00e1rum og tengjast tilraunum me\u00f0 rafkn\u00fain farart\u00e6ki og rafdreifikerfi\u00f0.\u00a0Falla\u00f0 er um vetnisvagnaverkefni\u00f0, ranns\u00f3knarni\u00f0urst\u00f6\u00f0ur, almennar vi\u00f0t\u00f6kur og reynslu af \u00fev\u00ed a\u00f0 nota rafmagn \u00ed samg\u00f6ngum.<\/p>\n<p>Sendi\u00f0 p\u00f3st til <a href=\"mailto:ribes@newenergy.is\">ribes[at]newenergy.is<\/a>\u00a0til a\u00f0 panta fyrirlestur og f\u00e1 frekari uppl\u00fdsingar.<\/p>\n<p>N\u00e1nari uppl\u00fdsingar um fyrirlestra og n\u00e1mskei\u00f0 er a\u00f0 finna \u00e1\u00a0<a href=\"https:\/\/newenergy.is\/en\/service\/seminars\/\">ensku \u00fatg\u00e1fu<\/a>\u00a0s\u00ed\u00f0unnar.<br \/>\n[\/av_textblock]\n[\/av_three_fifth]\n[\/av_section][\/vc_column_text][\/vc_column][\/vc_row]\n","protected":false},"excerpt":{"rendered":"<p>[vc_row type=&#8221;in_container&#8221; full_screen_row_position=&#8221;middle&#8221; column_margin=&#8221;default&#8221; column_direction=&#8221;default&#8221; column_direction_tablet=&#8221;default&#8221; column_direction_phone=&#8221;default&#8221; scene_position=&#8221;center&#8221; text_color=&#8221;dark&#8221; text_align=&#8221;left&#8221; row_border_radius=&#8221;none&#8221; row_border_radius_applies=&#8221;bg&#8221; overflow=&#8221;visible&#8221; overlay_strength=&#8221;0.3&#8243; gradient_direction=&#8221;left_to_right&#8221; shape_divider_position=&#8221;bottom&#8221; bg_image_animation=&#8221;none&#8221;][vc_column column_padding=&#8221;no-extra-padding&#8221; column_padding_tablet=&#8221;inherit&#8221; column_padding_phone=&#8221;inherit&#8221; column_padding_position=&#8221;all&#8221; column_element_direction_desktop=&#8221;default&#8221; column_element_spacing=&#8221;default&#8221; desktop_text_alignment=&#8221;default&#8221; tablet_text_alignment=&#8221;default&#8221; phone_text_alignment=&#8221;default&#8221; background_color_opacity=&#8221;1&#8243; background_hover_color_opacity=&#8221;1&#8243; column_backdrop_filter=&#8221;none&#8221; column_shadow=&#8221;none&#8221;&#8230;<\/p>\n","protected":false},"author":1,"featured_media":0,"parent":0,"menu_order":0,"comment_status":"closed","ping_status":"closed","template":"","meta":{"om_disable_all_campaigns":false,"inline_featured_image":false,"_monsterinsights_skip_tracking":false,"_monsterinsights_sitenote_active":false,"_monsterinsights_sitenote_note":"","_monsterinsights_sitenote_category":0,"_uf_show_specific_survey":0,"_uf_disable_surveys":false,"footnotes":""},"class_list":["post-671","page","type-page","status-publish"],"aioseo_notices":[],"_links":{"self":[{"href":"https:\/\/newenergy.is\/en\/wp-json\/wp\/v2\/pages\/671","targetHints":{"allow":["GET"]}}],"collection":[{"href":"https:\/\/newenergy.is\/en\/wp-json\/wp\/v2\/pages"}],"about":[{"href":"https:\/\/newenergy.is\/en\/wp-json\/wp\/v2\/types\/page"}],"author":[{"embeddable":true,"href":"https:\/\/newenergy.is\/en\/wp-json\/wp\/v2\/users\/1"}],"replies":[{"embeddable":true,"href":"https:\/\/newenergy.is\/en\/wp-json\/wp\/v2\/comments?post=671"}],"version-history":[{"count":2,"href":"https:\/\/newenergy.is\/en\/wp-json\/wp\/v2\/pages\/671\/revisions"}],"predecessor-version":[{"id":2707,"href":"https:\/\/newenergy.is\/en\/wp-json\/wp\/v2\/pages\/671\/revisions\/2707"}],"wp:attachment":[{"href":"https:\/\/newenergy.is\/en\/wp-json\/wp\/v2\/media?parent=671"}],"curies":[{"name":"wp","href":"https:\/\/api.w.org\/{rel}","templated":true}]}}