{"id":822,"date":"2018-12-17T15:17:08","date_gmt":"2018-12-17T15:17:08","guid":{"rendered":"https:\/\/newenergy.is\/?page_id=822"},"modified":"2018-12-23T14:28:50","modified_gmt":"2018-12-23T14:28:50","slug":"confrences","status":"publish","type":"page","link":"https:\/\/newenergy.is\/en\/confrences\/","title":{"rendered":"Confrences"},"content":{"rendered":"[av_section min_height=&#8217;25&#8217; min_height_px=&#8217;500px&#8217; padding=&#8217;large&#8217; shadow=&#8217;no-shadow&#8217; bottom_border=&#8217;no-border-styling&#8217; bottom_border_diagonal_color=&#8217;#333333&#8242; bottom_border_diagonal_direction=&#8221; bottom_border_style=&#8221; custom_arrow_bg=&#8221; id=&#8221; color=&#8217;main_color&#8217; background=&#8217;bg_color&#8217; custom_bg=&#8221; background_gradient_color1=&#8221; background_gradient_color2=&#8221; background_gradient_direction=&#8217;vertical&#8217; src=&#8217;https:\/\/newenergy.is\/wp-content\/uploads\/2018\/08\/Vetnisopnun-Sahara-71-minni.jpg&#8217; attachment=&#8217;542&#8242; attachment_size=&#8217;full&#8217; attach=&#8217;scroll&#8217; position=&#8217;center center&#8217; repeat=&#8217;stretch&#8217; video=&#8221; video_ratio=&#8217;16:9&#8242; overlay_enable=&#8217;aviaTBoverlay_enable&#8217; overlay_opacity=&#8217;0.4&#8242; overlay_color=&#8217;#000000&#8242; overlay_pattern=&#8221; overlay_custom_pattern=&#8221; av_element_hidden_in_editor=&#8217;0&#8242; av_uid=&#8217;av-dntjw&#8217;]\n[av_heading tag=&#8217;h1&#8242; padding=&#8217;0&#8242; heading=&#8217;Confrences&#8217; color=&#8217;custom-color-heading&#8217; style=&#8217;blockquote modern-quote modern-centered&#8217; custom_font=&#8217;#ffffff&#8217; size=&#8217;50&#8217; subheading_active=&#8217;subheading_below&#8217; subheading_size=&#8217;15&#8217; custom_class=&#8221; admin_preview_bg=&#8221; av-desktop-hide=&#8221; av-medium-hide=&#8221; av-small-hide=&#8221; av-mini-hide=&#8221; av-medium-font-size-title=&#8221; av-small-font-size-title=&#8221; av-mini-font-size-title=&#8221; av-medium-font-size=&#8221; av-small-font-size=&#8221; av-mini-font-size=&#8221; margin=&#8221; av_uid=&#8217;av-a846e&#8217;][\/av_heading]\n[\/av_section]\n[av_submenu which_menu=&#8221; menu=&#8217;28&#8217; position=&#8217;center&#8217; color=&#8217;main_color&#8217; sticky=&#8217;aviaTBsticky&#8217; mobile=&#8217;disabled&#8217; av_uid=&#8217;av-jpseuxkn&#8217;]\n[av_submenu_item title=&#8217;Overview&#8217; link=&#8217;page,792&#8242; linktarget=&#8221; button_style=&#8221; av_uid=&#8217;av-bhn0a&#8217;]\n[av_submenu_item title=&#8217;Research and demonstration projects&#8217; link=&#8217;page,740&#8242; linktarget=&#8221; button_style=&#8221; av_uid=&#8217;av-9nxbq&#8217;]\n[av_submenu_item title=&#8217;Confrences&#8217; link=&#8217;page,822&#8242; linktarget=&#8221; button_style=&#8221; av_uid=&#8217;av-797eu&#8217;]\n[\/av_submenu]\n[av_one_full first min_height=&#8221; vertical_alignment=&#8221; space=&#8221; custom_margin=&#8221; margin=&#8217;0px&#8217; link=&#8221; linktarget=&#8221; link_hover=&#8221; padding=&#8217;0px&#8217; border=&#8221; border_color=&#8221; radius=&#8217;0px&#8217; background=&#8217;bg_color&#8217; background_color=&#8221; background_gradient_color1=&#8221; background_gradient_color2=&#8221; background_gradient_direction=&#8217;vertical&#8217; src=&#8221; background_position=&#8217;top left&#8217; background_repeat=&#8217;no-repeat&#8217; animation=&#8221; mobile_breaking=&#8221; mobile_display=&#8221; av_uid=&#8217;av-fql6i&#8217;]\n[av_textblock size=&#8221; font_color=&#8221; color=&#8221; av-medium-font-size=&#8221; av-small-font-size=&#8221; av-mini-font-size=&#8221; av_uid=&#8217;av-jpo63rlq&#8217; admin_preview_bg=&#8221;]\n<div id=\"bread_crumb\">\n<div class=\"SimpleTitle\">\n<p>Icelandic New Energy has achieved experience in organizing conferences in the topic of hydrogen and other alternative fuels for transport.<\/p>\n<p>Here to the right are few of the conferences organized by<strong> INE<\/strong> and their presentations.<\/p>\n<\/div>\n<\/div>\n<div id=\"left_content\">\n<div id=\"SimplePage\">\n<div class=\"SimpleContent\">\n<div class=\"SimpleText\"><\/div>\n<\/div>\n<\/div>\n<\/div>\n[\/av_textblock]\n[av_hr class=&#8217;invisible&#8217; height=&#8217;50&#8217; shadow=&#8217;no-shadow&#8217; position=&#8217;center&#8217; custom_border=&#8217;av-border-thin&#8217; custom_width=&#8217;50px&#8217; custom_border_color=&#8221; custom_margin_top=&#8217;30px&#8217; custom_margin_bottom=&#8217;30px&#8217; icon_select=&#8217;yes&#8217; custom_icon_color=&#8221; icon=&#8217;ue808&#8242; font=&#8217;entypo-fontello&#8217; av_uid=&#8217;av-jpo65pt2&#8242; admin_preview_bg=&#8221;]\n[av_toggle_container initial=&#8217;0&#8242; mode=&#8217;accordion&#8217; sort=&#8217;true&#8217; styling=&#8217;av-minimal-toggle&#8217; colors=&#8217;custom&#8217; font_color=&#8217;#ffffff&#8217; background_color=&#8217;#009c8f&#8217; border_color=&#8217;#004c8a&#8217; av_uid=&#8217;av-24kpf&#8217;]\n[av_toggle title=&#8217;Electromobility in the North Atlantic Regions &#8211; 2012&#8242; tags=&#8221; av_uid=&#8217;av-93vvi&#8217;]\n<div id=\"bread_crumb\"><\/div>\n<div id=\"left_content\">\n<div id=\"SimplePage\">\n<div class=\"SimpleContent\">\n<div class=\"SimpleText\">\n<div id=\"SimplePage\">\n<div class=\"SimpleContent\">\n<div class=\"SimpleText\">\n<div class=\"SimpleTitle\"><strong>Electromobility in the North Atlantic Regions<\/strong><\/div>\n<div class=\"SimpleContent\">\n<div class=\"SimpleText\">\n<p>The workshop on &#8216;Electromobility in the North Atlantic Regions&#8217; was held 4th of October 2012 in Reykjav\u00edk, Iceland. The event was highly successful and close to 80 people participated. This was a unique oportunity to get an insight in the progress in the Nordic countries and was organized by Icelandic New Energy as well as EcoEnergy, NAHA and projects funded by Nordisk Energy Forskning (INTELECT, No-Slone and RekkEVidde).<\/p>\n<p>Here you can find the agenda for the conference.<\/p>\n<p><strong>The presentations are available here below:<\/strong><\/p>\n<p>J\u00f3n Bj\u00f6rn Sk\u00falason, Icelandic New Energy, Iceland<\/p>\n<p><a href=\"https:\/\/newenergy.is\/wp-content\/uploads\/2018\/12\/1._skulason_electromobility_oct_2012.pdf\">Government policy and status \u2013 Gr\u00e6na Orkan<\/a><\/p>\n<p class=\"Default\">Ole Henrik Hannisdal, Gr\u00f6nn Bil, Norway<\/p>\n<p class=\"Default\"><a href=\"https:\/\/newenergy.is\/wp-content\/uploads\/2018\/12\/2olehenrikgronn_bil_oct4th_2012.pdf\">Electric vehicles in Norway \u2013 status and future steps<\/a><\/p>\n<p class=\"Default\">Jonas Ericson, Clean vehicles Stockholm, Sweden<\/p>\n<p class=\"Default\"><a href=\"https:\/\/newenergy.is\/wp-content\/uploads\/2018\/12\/3._j.ericson_reykjavik_4_oct.pdf\">Clean vehicles in Stockholm<\/a><\/p>\n<p class=\"Default\">Mikael Sloth, H2-Logic, and chairman SHHP, Denmark<\/p>\n<p class=\"Default\"><a href=\"https:\/\/newenergy.is\/wp-content\/uploads\/2018\/12\/4._ms_hydrogen_for_transport_october2012_v2.pdf\">How can hydrogen enable electrification of transport in Denmark.<\/a><\/p>\n<p class=\"Default\">Oliver Weinman, head of research and development, Vattenfall Europe, Germany<\/p>\n<p class=\"Default\"><a href=\"https:\/\/newenergy.is\/wp-content\/uploads\/2018\/12\/5.oliver_w.___transition_of_the_energy_system_and_electric_mobility.pdf\">Large scale storage of renewable electricity<\/a><\/p>\n<p class=\"Default\">Christopher Kloed, chairman NAHA, Norway<\/p>\n<p class=\"Default\"><a href=\"https:\/\/newenergy.is\/wp-content\/uploads\/2018\/12\/6._toffen___role_of_hydrogen_in_north_atlantic_context__2_okt_2012___naha_.pdf\">Role of hydrogen in North Atlantic context<\/a><\/p>\n<p class=\"Default\">\u00c1rni Sigurbjarnarson, Northsailing, Iceland<\/p>\n<p class=\"Default\">RENSEA \u2013 using renewable energy in marine environment<\/p>\n<p class=\"Default\">Sigurd Enge, Bellona foundation, Norway<\/p>\n<p class=\"Default\"><a href=\"https:\/\/newenergy.is\/wp-content\/uploads\/2018\/12\/8._sigurd_enge_foredrag_reykjavik_04102012.pdf\">Renewable energy as a portfolio for marine fuels<\/a><\/p>\n<p class=\"Default\">Arto Haakana, Green net Finland<\/p>\n<p class=\"Default\"><a href=\"https:\/\/newenergy.is\/wp-content\/uploads\/2018\/12\/9._arto_rekkevidde_presentation_oct_4_2012_reykjavik.pdf\">RekkEVidde \u2013 measuring actual range of battery vehicles<\/a><\/p>\n<p class=\"Default\">Gu\u00f0r\u00fan Lilja Kristinsd\u00f3ttir, Icelandic New Energy<\/p>\n<p class=\"Default\"><a href=\"https:\/\/newenergy.is\/wp-content\/uploads\/2018\/12\/10._glk___elmobility_kynning.pdf\">Public testing of FCEV\u00b4s and BEV\u00b4s in Iceland<\/a><\/p>\n<p class=\"Default\">Juhani Laurikko, VTT, Finland<\/p>\n<p class=\"Default\"><a href=\"https:\/\/newenergy.is\/wp-content\/uploads\/2018\/12\/11._juhani_laurikko___e_mobility_in_finland_2012_10_04.pdf\">Electromobility in Finland \u2013 policy and status<\/a><\/p>\n<p class=\"Default\">Jens Christian Lodberg Hoj, Inzero mobility, Denmark<\/p>\n<p class=\"Default\"><a href=\"https:\/\/newenergy.is\/wp-content\/uploads\/2018\/12\/12._jenschristianlodberghoj.pdf\">No-Slone project\u2013 Making logistics sustainable through Nordic cooperation<\/a><\/p>\n<p class=\"Default\">Sigur\u00f0ur Ingi Fri\u00f0leifsson, Energy Agency Iceland<\/p>\n<p class=\"Default\"><a href=\"https:\/\/newenergy.is\/wp-content\/uploads\/2018\/12\/13.sigurdur.intelect.oktt_.2012.pdf\">INTELECT \u2013 incentives for electro-mobility in the Nordic countries<\/a><\/p>\n<p class=\"Default\">\u00c1g\u00fasta Loftsd\u00f3ttir, National Energy Agency<\/p>\n<p class=\"Default\"><a href=\"https:\/\/newenergy.is\/wp-content\/uploads\/2018\/12\/14.agustaloftsdottir.pdf\">Fuel consumption and forecasting future fuel needs<\/a><\/p>\n<p class=\"Default\">Sverrir Vi\u00f0ar Hauksson, Chairman Automotive Association of Iceland<\/p>\n<p class=\"Default\"><a href=\"https:\/\/newenergy.is\/wp-content\/uploads\/2018\/12\/15._sverrir_vidar___presentation_workshop_04102012.pdf\">Visulising the future electric transport in Iceland<\/a><\/p>\n<\/div>\n<\/div>\n<\/div>\n<\/div>\n<\/div>\n<\/div>\n<\/div>\n<\/div>\n<\/div>\n[\/av_toggle]\n[av_toggle title=&#8217;NAHA conference&#8217; tags=&#8221;]\n<div id=\"bread_crumb\"><\/div>\n<div id=\"left_content\">\n<div id=\"SimplePage\">\n<div class=\"SimpleContent\">\n<div class=\"SimpleText\">\n<div class=\"SimpleContent\">\n<div class=\"SimpleText\">\n<div id=\"left_content\">\n<div id=\"SimplePage\">\n<div class=\"SimpleContent\">\n<div class=\"SimpleText\">\n<p><strong>NAHA conference<\/strong><\/p>\n<p>A conference held in conjunction with the inauguration\u00a0of the hydrogen boat in Iceland.<\/p>\n<p>Below you can find the lectures of the conference held in Reykjav\u00edk Iceland:<\/p>\n<p>1. Daniel Aklil &#8211;\u00a0<a href=\"https:\/\/newenergy.is\/wp-content\/uploads\/2018\/12\/1.aklil_the_pure_project.pdf\">The PURE Project<\/a><\/p>\n<p>2. Dr. Scott M. Staley &#8211;\u00a0<a href=\"https:\/\/newenergy.is\/wp-content\/uploads\/2018\/12\/2.ford_scott_h2_conf_april_2008.pdf\">Ford Technology &amp; Iceland as a Proving Ground<\/a><\/p>\n<p>3. Lilja Gu\u00f0mundsd\u00f3ttir &#8211;\u00a0<a href=\"https:\/\/newenergy.is\/wp-content\/uploads\/2018\/12\/3.lilja_naha_23.04.2008.pdf\">H2 Infrastructure, Electric Distribution and Hydrogen Production<\/a><\/p>\n<p>4. Mar\u00eda H. Maack &#8211;\u00a0<a href=\"https:\/\/newenergy.is\/wp-content\/uploads\/2018\/12\/4.maackresearch_path_within_the_smart_h2.pdf\">Research path within the SMART-H2<\/a><\/p>\n<p>5. Monika Kentzler &#8211;\u00a0<a href=\"https:\/\/newenergy.is\/wp-content\/uploads\/2018\/12\/5.monika_kentzler_daimler.pdf\">Development of Fuel Cell Buses and Vehicles, Future Outlook<\/a><\/p>\n<p>6. J\u00f3n Bj\u00f6rn Sk\u00falason &#8211;\u00a0<a href=\"https:\/\/newenergy.is\/wp-content\/uploads\/2018\/12\/6.naha_skulason_0408.pdf\">Iceland Striving Towards the Hydrogen Society<\/a><\/p>\n<p>7. Ulf Hafseld &#8211;\u00a0<a href=\"https:\/\/newenergy.is\/wp-content\/uploads\/2018\/12\/7.ulfhafshynor.pdf\">HyNor and the Scandinavian Hydrogen Highway Partnership<\/a><\/p>\n<p>8. Greg Jones &#8211;\u00a0<a href=\"https:\/\/newenergy.is\/wp-content\/uploads\/2018\/12\/8.wind_hydrogen_diesel_newfoundl.pdf\">Wind-Hydrogen-Diesel Energy Project<\/a><\/p>\n<\/div>\n<\/div>\n<\/div>\n<\/div>\n<div id=\"side_nav\">\n<div class=\"side_nav_top\"><\/div>\n<div class=\"side_nav_loop\">\n<div class=\"sub_break\"><\/div>\n<\/div>\n<\/div>\n<\/div>\n<div id=\"left_content\">\n<div id=\"SimplePage\">\n<div class=\"SimpleContent\">\n<div class=\"SimpleText\"><\/div>\n<\/div>\n<\/div>\n<\/div>\n<div class=\"SimpleText\"><\/div>\n<\/div>\n<\/div>\n<\/div>\n<\/div>\n<\/div>\n[\/av_toggle]\n[\/av_toggle_container]\n[\/av_one_full][av_section min_height=&#8221; min_height_px=&#8217;500px&#8217; padding=&#8217;default&#8217; shadow=&#8217;no-border-styling&#8217; bottom_border=&#8217;no-border-styling&#8217; bottom_border_diagonal_color=&#8217;#333333&#8242; bottom_border_diagonal_direction=&#8217;scroll&#8217; bottom_border_style=&#8217;scroll&#8217; scroll_down=&#8221; custom_arrow_bg=&#8221; id=&#8221; color=&#8217;main_color&#8217; background=&#8217;bg_color&#8217; custom_bg=&#8221; background_gradient_color1=&#8221; background_gradient_color2=&#8221; background_gradient_direction=&#8217;vertical&#8217; src=&#8221; attach=&#8217;scroll&#8217; position=&#8217;top left&#8217; repeat=&#8217;no-repeat&#8217; video=&#8221; video_ratio=&#8217;16:9&#8242; video_mobile_disabled=&#8221; overlay_enable=&#8221; overlay_opacity=&#8217;0.5&#8242; overlay_color=&#8221; overlay_pattern=&#8221; overlay_custom_pattern=&#8221; av-desktop-hide=&#8221; av-medium-hide=&#8221; av-small-hide=&#8221; av-mini-hide=&#8221; av_element_hidden_in_editor=&#8217;0&#8242; av_uid=&#8217;av-7riay&#8217;][\/av_section]\n","protected":false},"excerpt":{"rendered":"<p>[av_section min_height=&#8217;25&#8217; min_height_px=&#8217;500px&#8217; padding=&#8217;large&#8217; shadow=&#8217;no-shadow&#8217; bottom_border=&#8217;no-border-styling&#8217; bottom_border_diagonal_color=&#8217;#333333&#8242; bottom_border_diagonal_direction=&#8221; bottom_border_style=&#8221; custom_arrow_bg=&#8221; id=&#8221; color=&#8217;main_color&#8217; background=&#8217;bg_color&#8217; custom_bg=&#8221; background_gradient_color1=&#8221; background_gradient_color2=&#8221; background_gradient_direction=&#8217;vertical&#8217; src=&#8217;https:\/\/newenergy.is\/wp-content\/uploads\/2018\/08\/Vetnisopnun-Sahara-71-minni.jpg&#8217; attachment=&#8217;542&#8242; attachment_size=&#8217;full&#8217; attach=&#8217;scroll&#8217; position=&#8217;center center&#8217; repeat=&#8217;stretch&#8217; video=&#8221; video_ratio=&#8217;16:9&#8242; overlay_enable=&#8217;aviaTBoverlay_enable&#8217; overlay_opacity=&#8217;0.4&#8242; overlay_color=&#8217;#000000&#8242; overlay_pattern=&#8221;&#8230;<\/p>\n","protected":false},"author":1,"featured_media":0,"parent":0,"menu_order":0,"comment_status":"closed","ping_status":"closed","template":"","meta":{"om_disable_all_campaigns":false,"inline_featured_image":false,"_monsterinsights_skip_tracking":false,"_monsterinsights_sitenote_active":false,"_monsterinsights_sitenote_note":"","_monsterinsights_sitenote_category":0,"_uf_show_specific_survey":0,"_uf_disable_surveys":false,"footnotes":""},"class_list":["post-822","page","type-page","status-publish"],"aioseo_notices":[],"_links":{"self":[{"href":"https:\/\/newenergy.is\/en\/wp-json\/wp\/v2\/pages\/822","targetHints":{"allow":["GET"]}}],"collection":[{"href":"https:\/\/newenergy.is\/en\/wp-json\/wp\/v2\/pages"}],"about":[{"href":"https:\/\/newenergy.is\/en\/wp-json\/wp\/v2\/types\/page"}],"author":[{"embeddable":true,"href":"https:\/\/newenergy.is\/en\/wp-json\/wp\/v2\/users\/1"}],"replies":[{"embeddable":true,"href":"https:\/\/newenergy.is\/en\/wp-json\/wp\/v2\/comments?post=822"}],"version-history":[{"count":16,"href":"https:\/\/newenergy.is\/en\/wp-json\/wp\/v2\/pages\/822\/revisions"}],"predecessor-version":[{"id":1130,"href":"https:\/\/newenergy.is\/en\/wp-json\/wp\/v2\/pages\/822\/revisions\/1130"}],"wp:attachment":[{"href":"https:\/\/newenergy.is\/en\/wp-json\/wp\/v2\/media?parent=822"}],"curies":[{"name":"wp","href":"https:\/\/api.w.org\/{rel}","templated":true}]}}